{"id":485,"date":"2019-05-03T22:02:59","date_gmt":"2019-05-03T22:02:59","guid":{"rendered":"https:\/\/dermatologyreviewpanel.ca\/fr\/?page_id=485"},"modified":"2019-07-31T17:53:31","modified_gmt":"2019-07-31T17:53:31","slug":"admissibilite-des-produits","status":"publish","type":"page","link":"https:\/\/dermatologyreviewpanel.ca\/fr\/intro\/admissibilite-des-produits\/","title":{"rendered":"Admissibilit\u00e9 des produits"},"content":{"rendered":"<div class=\"wpb-content-wrapper\"><p>[vc_row el_class=&#8221;m-t&#8221;][vc_column width=&#8221;1\/2&#8243;][vc_custom_heading text=&#8221;Produits admissibles :&#8221; font_container=&#8221;tag:p|font_size:24px|text_align:left&#8221; use_theme_fonts=&#8221;yes&#8221; skin=&#8221;primary&#8221;][vc_custom_heading text=&#8221;Un produit est admissible pour une r\u00e9vision s&#8217;il remplit toutes les conditions suivantes : &#8221; font_container=&#8221;tag:p|font_size:17px|text_align:left|color:%23b7b7b7&#8243; use_theme_fonts=&#8221;yes&#8221; css_animation=&#8221;none&#8221;]<div class=\"porto-sicon-box  wpb_custom_1efe903570d178ff0a9b7bfa5febd3a4 style_1 left-icon\"><div class=\"porto-sicon-left\"><div class=\"porto-just-icon-wrapper porto-icon circle\" style=\"color:#ffffff;background:#ff7f7f;font-size:20px;\"><i class=\"fab fa-canadian-maple-leaf\"><\/i><\/div><\/div><div class=\"porto-sicon-body\"><div class=\"porto-sicon-header\"><h3 class=\"porto-sicon-title\" style=\"\">Le produit doit \u00eatre vendu au Canada.<\/h3><\/div> <!-- header --><\/div><\/div><!-- porto-sicon-box --><div class=\"porto-sicon-box  wpb_custom_1efe903570d178ff0a9b7bfa5febd3a4 style_1 left-icon\"><div class=\"porto-sicon-left\"><div class=\"porto-just-icon-wrapper porto-icon circle\" style=\"color:#ffffff;background:#ff7f7f;font-size:20px;\"><i class=\"fas fa-mortar-pestle\"><\/i><\/div><\/div><div class=\"porto-sicon-body\"><div class=\"porto-sicon-header\"><h3 class=\"porto-sicon-title\" style=\"\">Ce doit \u00eatre un produit en vente libre.<\/h3><\/div> <!-- header --><\/div><\/div><!-- porto-sicon-box --><div class=\"porto-sicon-box  vc_custom_1564595275098  wpb_custom_1efe903570d178ff0a9b7bfa5febd3a4 style_1 left-icon\"><div class=\"porto-sicon-left\"><div class=\"porto-just-icon-wrapper porto-icon circle\" style=\"color:#ffffff;background:#ff7f7f;font-size:20px;\"><i class=\"fas fa-list-ol\"><\/i><\/div><\/div><div class=\"porto-sicon-body\"><div class=\"porto-sicon-header\"><h3 class=\"porto-sicon-title\" style=\"\">Le produit doit avoir au moins un des facteurs suivants :<\/h3><\/div> <!-- header --><div class=\"porto-sicon-description\" style=\"\">\n<ul class=\"list list-icons\">\n<li><i class=\"fa fa-check\"><\/i> un num\u00e9ro d&#8217;identification du m\u00e9dicament (DIN) ou de produit de sant\u00e9 naturel (NHP)<\/li>\n<li><i class=\"fa fa-check\"><\/i> un avantage scientifiquement \u00e9tabli pour les consommateurs ayant des probl\u00e8mes de peau, de cheveux ou d&#8217;ongles et cela inclut les produits qui affirment traiter les peaux sensibles ou \u00eatre hypoallerg\u00e9niques.<\/li>\n<li><i class=\"fa fa-check\"><\/i> Autres avantages scientifique.<\/li>\n<\/ul>\n<p><\/div> <!-- description --><\/div><\/div><!-- porto-sicon-box -->[\/vc_column][vc_column width=&#8221;1\/2&#8243;][vc_custom_heading text=&#8221;Produits non admissibles :&#8221; font_container=&#8221;tag:p|font_size:24px|text_align:left&#8221; use_theme_fonts=&#8221;yes&#8221;][vc_custom_heading text=&#8221;Les produits suivants sont consid\u00e9r\u00e9s comme \u00e9tant inadmissibles pour une r\u00e9vision : &#8221; font_container=&#8221;tag:p|font_size:17px|text_align:left|color:%23b7b7b7&#8243; use_theme_fonts=&#8221;yes&#8221; css_animation=&#8221;none&#8221;]<div class=\"porto-sicon-box  wpb_custom_1efe903570d178ff0a9b7bfa5febd3a4 style_1 left-icon\"><div class=\"porto-sicon-left\"><div class=\"porto-just-icon-wrapper porto-icon circle\" style=\"color:#ffffff;background:#bcbcbc;font-size:20px;\"><i class=\"fas fa-prescription\"><\/i><\/div><\/div><div class=\"porto-sicon-body\"><div class=\"porto-sicon-header\"><h3 class=\"porto-sicon-title\" style=\"\">Produits d\u00e9livr\u00e9s seulement sur ordonnance<\/h3><\/div> <!-- header --><\/div><\/div><!-- porto-sicon-box --><div class=\"porto-sicon-box  wpb_custom_1efe903570d178ff0a9b7bfa5febd3a4 style_1 left-icon\"><div class=\"porto-sicon-left\"><div class=\"porto-just-icon-wrapper porto-icon circle\" style=\"color:#ffffff;background:#bcbcbc;font-size:20px;\"><i class=\"fas fa-globe\"><\/i><\/div><\/div><div class=\"porto-sicon-body\"><div class=\"porto-sicon-header\"><h3 class=\"porto-sicon-title\" style=\"\">Produits non disponibles au Canada<\/h3><\/div> <!-- header --><\/div><\/div><!-- porto-sicon-box --><div class=\"porto-sicon-box  wpb_custom_1efe903570d178ff0a9b7bfa5febd3a4 style_1 left-icon\"><div class=\"porto-sicon-left\"><div class=\"porto-just-icon-wrapper porto-icon circle\" style=\"color:#ffffff;background:#bcbcbc;font-size:20px;\"><i class=\"fas fa-microscope\"><\/i><\/div><\/div><div class=\"porto-sicon-body\"><div class=\"porto-sicon-header\"><h3 class=\"porto-sicon-title\" style=\"\">Produits ayant des renseignements cliniques insuffisants<\/h3><\/div> <!-- header --><\/div><\/div><!-- porto-sicon-box --><div class=\"porto-sicon-box  wpb_custom_1efe903570d178ff0a9b7bfa5febd3a4 style_1 left-icon\"><div class=\"porto-sicon-left\"><div class=\"porto-just-icon-wrapper porto-icon circle\" style=\"color:#ffffff;background:#bcbcbc;font-size:20px;\"><i class=\"fas fa-question\"><\/i><\/div><\/div><div class=\"porto-sicon-body\"><div class=\"porto-sicon-header\"><h3 class=\"porto-sicon-title\" style=\"\">Produits qui sont consid\u00e9r\u00e9s par le Comit\u00e9 de r\u00e9vision en dermatologie comme \u00e9tant incompatibles avec la mission et l'int\u00e9grit\u00e9 de ce programme<\/h3><\/div> <!-- header --><\/div><\/div><!-- porto-sicon-box --><div class=\"porto-sicon-box  wpb_custom_1efe903570d178ff0a9b7bfa5febd3a4 style_1 left-icon\"><div class=\"porto-sicon-left\"><div class=\"porto-just-icon-wrapper porto-icon circle\" style=\"color:#ffffff;background:#bcbcbc;font-size:20px;\"><i class=\"fas fa-stethoscope\"><\/i><\/div><\/div><div class=\"porto-sicon-body\"><div class=\"porto-sicon-header\"><h3 class=\"porto-sicon-title\" style=\"\">Appareils<\/h3><\/div> <!-- header --><\/div><\/div><!-- porto-sicon-box -->[\/vc_column][\/vc_row][vc_row el_class=&#8221;m-t&#8221;][vc_column][vc_separator type=&#8221;small&#8221; show_icon=&#8221;yes&#8221; icon_style=&#8221;style-4&#8243; gap=&#8221;short&#8221; icon=&#8221;fas fa-info-circle&#8221; css=&#8221;.vc_custom_1556924761482{margin-top: 0px !important;}&#8221;][vc_custom_heading text=&#8221;Dans le cas ou il y aurait contradiction entre les conditions de l&#8217;entente et cette brochure, les conditions de l&#8217;entente pr\u00e9vaudront. &#8221; font_container=&#8221;tag:p|font_size:12px|text_align:center|color:%23000000&#8243; use_theme_fonts=&#8221;yes&#8221; css_animation=&#8221;none&#8221;][\/vc_column][\/vc_row]<\/p>\n<\/div>","protected":false},"excerpt":{"rendered":"<p>[vc_row el_class=&#8221;m-t&#8221;][vc_column width=&#8221;1\/2&#8243;][vc_custom_heading text=&#8221;Produits admissibles :&#8221; font_container=&#8221;tag:p|font_size:24px|text_align:left&#8221; use_theme_fonts=&#8221;yes&#8221; skin=&#8221;primary&#8221;][vc_custom_heading text=&#8221;Un produit est admissible pour une r\u00e9vision s&#8217;il remplit toutes les conditions suivantes : &#8221; font_container=&#8221;tag:p|font_size:17px|text_align:left|color:%23b7b7b7&#8243; use_theme_fonts=&#8221;yes&#8221; css_animation=&#8221;none&#8221;][\/vc_column][vc_column width=&#8221;1\/2&#8243;][vc_custom_heading text=&#8221;Produits non admissibles :&#8221; font_container=&#8221;tag:p|font_size:24px|text_align:left&#8221; use_theme_fonts=&#8221;yes&#8221;][vc_custom_heading text=&#8221;Les produits suivants sont consid\u00e9r\u00e9s comme \u00e9tant inadmissibles pour une r\u00e9vision : &#8221; font_container=&#8221;tag:p|font_size:17px|text_align:left|color:%23b7b7b7&#8243; use_theme_fonts=&#8221;yes&#8221; css_animation=&#8221;none&#8221;][\/vc_column][\/vc_row][vc_row el_class=&#8221;m-t&#8221;][vc_column][vc_separator type=&#8221;small&#8221; show_icon=&#8221;yes&#8221; icon_style=&#8221;style-4&#8243; gap=&#8221;short&#8221; [&hellip;]<\/p>\n","protected":false},"author":1,"featured_media":0,"parent":15,"menu_order":0,"comment_status":"closed","ping_status":"closed","template":"","meta":{"footnotes":""},"class_list":["post-485","page","type-page","status-publish","hentry"],"_links":{"self":[{"href":"https:\/\/dermatologyreviewpanel.ca\/fr\/wp-json\/wp\/v2\/pages\/485","targetHints":{"allow":["GET"]}}],"collection":[{"href":"https:\/\/dermatologyreviewpanel.ca\/fr\/wp-json\/wp\/v2\/pages"}],"about":[{"href":"https:\/\/dermatologyreviewpanel.ca\/fr\/wp-json\/wp\/v2\/types\/page"}],"author":[{"embeddable":true,"href":"https:\/\/dermatologyreviewpanel.ca\/fr\/wp-json\/wp\/v2\/users\/1"}],"replies":[{"embeddable":true,"href":"https:\/\/dermatologyreviewpanel.ca\/fr\/wp-json\/wp\/v2\/comments?post=485"}],"version-history":[{"count":9,"href":"https:\/\/dermatologyreviewpanel.ca\/fr\/wp-json\/wp\/v2\/pages\/485\/revisions"}],"predecessor-version":[{"id":672,"href":"https:\/\/dermatologyreviewpanel.ca\/fr\/wp-json\/wp\/v2\/pages\/485\/revisions\/672"}],"up":[{"embeddable":true,"href":"https:\/\/dermatologyreviewpanel.ca\/fr\/wp-json\/wp\/v2\/pages\/15"}],"wp:attachment":[{"href":"https:\/\/dermatologyreviewpanel.ca\/fr\/wp-json\/wp\/v2\/media?parent=485"}],"curies":[{"name":"wp","href":"https:\/\/api.w.org\/{rel}","templated":true}]}}